{"id":23492,"date":"2025-04-14T15:18:40","date_gmt":"2025-04-14T15:18:40","guid":{"rendered":"https:\/\/conciergerie.cleverix.ma\/?page_id=23492"},"modified":"2025-05-16T22:16:54","modified_gmt":"2025-05-16T22:16:54","slug":"a-propos","status":"publish","type":"page","link":"https:\/\/edenmoroccovillas.com\/en\/a-propos\/","title":{"rendered":"\u00a0\u00c0 Propos"},"content":{"rendered":"<div data-elementor-type=\"wp-page\" data-elementor-id=\"23492\" class=\"elementor elementor-23492\">\n\t\t\t\t<div class=\"elementor-element elementor-element-80c6dbd e-flex e-con-boxed e-con e-parent\" data-id=\"80c6dbd\" data-element_type=\"container\" data-settings=\"{&quot;background_background&quot;:&quot;classic&quot;}\">\n\t\t\t\t\t<div class=\"e-con-inner\">\n\t\t\t\t<div class=\"elementor-element elementor-element-6c113c3 elementor-widget elementor-widget-heading\" data-id=\"6c113c3\" data-element_type=\"widget\" data-widget_type=\"heading.default\">\n\t\t\t\t<div class=\"elementor-widget-container\">\n\t\t\t\t\t<h2 class=\"elementor-heading-title elementor-size-default\">\u00c0 Propos <\/h2>\t\t\t\t<\/div>\n\t\t\t\t<\/div>\n\t\t\t\t\t<\/div>\n\t\t\t\t<\/div>\n\t\t<div class=\"elementor-element elementor-element-ebbd15b e-flex e-con-boxed e-con e-parent\" data-id=\"ebbd15b\" data-element_type=\"container\">\n\t\t\t\t\t<div class=\"e-con-inner\">\n\t\t<div class=\"elementor-element elementor-element-c9d65af e-con-full e-flex elementor-invisible e-con e-child\" data-id=\"c9d65af\" data-element_type=\"container\" data-settings=\"{&quot;animation&quot;:&quot;fadeInRight&quot;}\">\n\t\t\t\t<div class=\"elementor-element elementor-element-be3c633 elementor-widget elementor-widget-heading\" data-id=\"be3c633\" data-element_type=\"widget\" data-widget_type=\"heading.default\">\n\t\t\t\t<div class=\"elementor-widget-container\">\n\t\t\t\t\t<h2 class=\"elementor-heading-title elementor-size-default\">About Eden Villas<\/h2>\t\t\t\t<\/div>\n\t\t\t\t<\/div>\n\t\t\t\t<div class=\"elementor-element elementor-element-c89af17 elementor-widget elementor-widget-text-editor\" data-id=\"c89af17\" data-element_type=\"widget\" data-widget_type=\"text-editor.default\">\n\t\t\t\t<div class=\"elementor-widget-container\">\n\t\t\t\t\t\t\t\t\tYour trusted partner for luxury stays in Marrakech.\nAt Eden Villas, we redefine the art of luxury living. Founded by a team passionate about hospitality and refinement, our agency strives to offer you a unique experience in Marrakech's finest properties. Our mission is simple: to transform every trip into an unforgettable experience, where elegance, comfort and Moroccan authenticity meet.\nWe believe that every stay should be a celebration of life. That's why we carefully select each of our villas to ensure they meet the highest standards of quality and design. Our customers are at the heart of everything we do, and we are committed to providing a personalized service that exceeds your expectations.\n\nTranslated with DeepL.com (free version)\n\t\t\t\t\t\t\t\t<\/div>\n\t\t\t\t<\/div>\n\t\t\t\t<div class=\"elementor-element elementor-element-1d4830d btn-sparow btn-sparow-blue elementor-align-left elementor-widget elementor-widget-button\" data-id=\"1d4830d\" data-element_type=\"widget\" data-widget_type=\"button.default\">\n\t\t\t\t<div class=\"elementor-widget-container\">\n\t\t\t\t\t\t\t\t\t<div class=\"elementor-button-wrapper\">\n\t\t\t\t\t<a class=\"elementor-button elementor-button-link elementor-size-sm\" href=\"\/en\/contact\/\">\n\t\t\t\t\t\t<span class=\"elementor-button-content-wrapper\">\n\t\t\t\t\t\t\t\t\t<span class=\"elementor-button-text\">Discover more villas<\/span>\n\t\t\t\t\t<\/span>\n\t\t\t\t\t<\/a>\n\t\t\t\t<\/div>\n\t\t\t\t\t\t\t\t<\/div>\n\t\t\t\t<\/div>\n\t\t\t\t<\/div>\n\t\t<div class=\"elementor-element elementor-element-d678960 e-con-full e-flex elementor-invisible e-con e-child\" data-id=\"d678960\" data-element_type=\"container\" data-settings=\"{&quot;background_background&quot;:&quot;classic&quot;,&quot;animation&quot;:&quot;fadeInLeft&quot;}\">\n\t\t\t\t<\/div>\n\t\t\t\t\t<\/div>\n\t\t\t\t<\/div>\n\t\t<div class=\"elementor-element elementor-element-4ee32a3 e-flex e-con-boxed elementor-invisible e-con e-parent\" data-id=\"4ee32a3\" data-element_type=\"container\" data-settings=\"{&quot;background_background&quot;:&quot;classic&quot;,&quot;animation&quot;:&quot;fadeInUp&quot;}\">\n\t\t\t\t\t<div class=\"e-con-inner\">\n\t\t\t\t\t<\/div>\n\t\t\t\t<\/div>\n\t\t<div class=\"elementor-element elementor-element-1c1f1e8 e-flex e-con-boxed e-con e-parent\" data-id=\"1c1f1e8\" data-element_type=\"container\">\n\t\t\t\t\t<div class=\"e-con-inner\">\n\t\t<div class=\"elementor-element elementor-element-779b71f e-con-full e-flex elementor-invisible e-con e-child\" data-id=\"779b71f\" data-element_type=\"container\" data-settings=\"{&quot;background_background&quot;:&quot;classic&quot;,&quot;animation&quot;:&quot;fadeInLeft&quot;}\">\n\t\t\t\t<\/div>\n\t\t<div class=\"elementor-element elementor-element-d53503c e-con-full e-flex elementor-invisible e-con e-child\" data-id=\"d53503c\" data-element_type=\"container\" data-settings=\"{&quot;animation&quot;:&quot;fadeInRight&quot;}\">\n\t\t\t\t<div class=\"elementor-element elementor-element-c43d934 elementor-widget elementor-widget-heading\" data-id=\"c43d934\" data-element_type=\"widget\" data-widget_type=\"heading.default\">\n\t\t\t\t<div class=\"elementor-widget-container\">\n\t\t\t\t\t<h3 class=\"elementor-heading-title elementor-size-default\">Our history<\/h3>\t\t\t\t<\/div>\n\t\t\t\t<\/div>\n\t\t\t\t<div class=\"elementor-element elementor-element-2aacb07 elementor-widget elementor-widget-text-editor\" data-id=\"2aacb07\" data-element_type=\"widget\" data-widget_type=\"text-editor.default\">\n\t\t\t\t<div class=\"elementor-widget-container\">\n\t\t\t\t\t\t\t\t\tA Passion for Excellence and Moroccan Hospitality.\n\t\t\t\t\t\t\t\t<\/div>\n\t\t\t\t<\/div>\n\t\t\t\t<div class=\"elementor-element elementor-element-a4a9b4d elementor-widget elementor-widget-text-editor\" data-id=\"a4a9b4d\" data-element_type=\"widget\" data-widget_type=\"text-editor.default\">\n\t\t\t\t<div class=\"elementor-widget-container\">\n\t\t\t\t\t\t\t\t\tEden Villas was born of a simple vision: to offer luxury accommodation that captures the very essence of Marrakech. Since our inception, we've worked with local architects, designers and artisans to create villas that reflect Morocco's rich culture and craftsmanship while incorporating modern technologies. Each villa tells a story, blending tradition and innovation to provide the perfect setting for your vacation.\n\t\t\t\t\t\t\t\t<\/div>\n\t\t\t\t<\/div>\n\t\t\t\t<\/div>\n\t\t\t\t\t<\/div>\n\t\t\t\t<\/div>\n\t\t<div class=\"elementor-element elementor-element-8587190 e-flex e-con-boxed e-con e-parent\" data-id=\"8587190\" data-element_type=\"container\">\n\t\t\t\t\t<div class=\"e-con-inner\">\n\t\t<div class=\"elementor-element elementor-element-838522e e-con-full e-flex elementor-invisible e-con e-child\" data-id=\"838522e\" data-element_type=\"container\" data-settings=\"{&quot;animation&quot;:&quot;fadeInRight&quot;}\">\n\t\t\t\t<div class=\"elementor-element elementor-element-082e1c1 elementor-widget elementor-widget-heading\" data-id=\"082e1c1\" data-element_type=\"widget\" data-widget_type=\"heading.default\">\n\t\t\t\t<div class=\"elementor-widget-container\">\n\t\t\t\t\t<h3 class=\"elementor-heading-title elementor-size-default\">Our Commitment<\/h3>\t\t\t\t<\/div>\n\t\t\t\t<\/div>\n\t\t\t\t<div class=\"elementor-element elementor-element-501a81b elementor-widget elementor-widget-text-editor\" data-id=\"501a81b\" data-element_type=\"widget\" data-widget_type=\"text-editor.default\">\n\t\t\t\t<div class=\"elementor-widget-container\">\n\t\t\t\t\t\t\t\t\tExcellence, always.\t\t\t\t\t\t\t\t<\/div>\n\t\t\t\t<\/div>\n\t\t\t\t<div class=\"elementor-element elementor-element-22feecf elementor-widget elementor-widget-text-editor\" data-id=\"22feecf\" data-element_type=\"widget\" data-widget_type=\"text-editor.default\">\n\t\t\t\t<div class=\"elementor-widget-container\">\n\t\t\t\t\t\t\t\t\tOur commitment to excellence is reflected in every detail. From the impeccable cleanliness of our villas to the responsiveness of our team, we do everything possible to ensure your satisfaction. We also offer additional tailor-made services, such as private chefs, drivers and tour guides, to enhance your stay.\t\t\t\t\t\t\t\t<\/div>\n\t\t\t\t<\/div>\n\t\t\t\t<div class=\"elementor-element elementor-element-1dc3568 btn-sparow btn-sparow-blue elementor-align-left elementor-widget elementor-widget-button\" data-id=\"1dc3568\" data-element_type=\"widget\" data-widget_type=\"button.default\">\n\t\t\t\t<div class=\"elementor-widget-container\">\n\t\t\t\t\t\t\t\t\t<div class=\"elementor-button-wrapper\">\n\t\t\t\t\t<a class=\"elementor-button elementor-button-link elementor-size-sm\" href=\"\/en\/contact\/\">\n\t\t\t\t\t\t<span class=\"elementor-button-content-wrapper\">\n\t\t\t\t\t\t\t\t\t<span class=\"elementor-button-text\"> Discover our services<\/span>\n\t\t\t\t\t<\/span>\n\t\t\t\t\t<\/a>\n\t\t\t\t<\/div>\n\t\t\t\t\t\t\t\t<\/div>\n\t\t\t\t<\/div>\n\t\t\t\t<\/div>\n\t\t<div class=\"elementor-element elementor-element-f528b37 e-con-full e-flex elementor-invisible e-con e-child\" data-id=\"f528b37\" data-element_type=\"container\" data-settings=\"{&quot;background_background&quot;:&quot;classic&quot;,&quot;animation&quot;:&quot;fadeInLeft&quot;}\">\n\t\t\t\t<\/div>\n\t\t\t\t\t<\/div>\n\t\t\t\t<\/div>\n\t\t\t\t<\/div>","protected":false},"excerpt":{"rendered":"<p>\u00c0 Propos \u00c0 Propos d\u2019Eden Villas Votre partenaire de confiance pour des s\u00e9jours luxueux \u00e0 Marrakech. Chez Eden Villas, nous red\u00e9finissons l\u2019art du s\u00e9jour de luxe. Fond\u00e9e par une \u00e9quipe passionn\u00e9e par l\u2019hospitalit\u00e9 et le raffinement, notre agence s\u2019efforce de vous offrir une exp\u00e9rience unique dans les plus belles propri\u00e9t\u00e9s de Marrakech. Notre mission est [&hellip;]<\/p>\n","protected":false},"author":1,"featured_media":8030,"parent":0,"menu_order":0,"comment_status":"closed","ping_status":"closed","template":"elementor_header_footer","meta":{"_joinchat":[],"footnotes":""},"class_list":["post-23492","page","type-page","status-publish","has-post-thumbnail","hentry"],"_links":{"self":[{"href":"https:\/\/edenmoroccovillas.com\/en\/wp-json\/wp\/v2\/pages\/23492","targetHints":{"allow":["GET"]}}],"collection":[{"href":"https:\/\/edenmoroccovillas.com\/en\/wp-json\/wp\/v2\/pages"}],"about":[{"href":"https:\/\/edenmoroccovillas.com\/en\/wp-json\/wp\/v2\/types\/page"}],"author":[{"embeddable":true,"href":"https:\/\/edenmoroccovillas.com\/en\/wp-json\/wp\/v2\/users\/1"}],"replies":[{"embeddable":true,"href":"https:\/\/edenmoroccovillas.com\/en\/wp-json\/wp\/v2\/comments?post=23492"}],"version-history":[{"count":16,"href":"https:\/\/edenmoroccovillas.com\/en\/wp-json\/wp\/v2\/pages\/23492\/revisions"}],"predecessor-version":[{"id":25135,"href":"https:\/\/edenmoroccovillas.com\/en\/wp-json\/wp\/v2\/pages\/23492\/revisions\/25135"}],"wp:featuredmedia":[{"embeddable":true,"href":"https:\/\/edenmoroccovillas.com\/en\/wp-json\/"}],"wp:attachment":[{"href":"https:\/\/edenmoroccovillas.com\/en\/wp-json\/wp\/v2\/media?parent=23492"}],"curies":[{"name":"wp","href":"https:\/\/api.w.org\/{rel}","templated":true}]}}